{"id":29,"date":"2016-03-17T12:00:36","date_gmt":"2016-03-17T12:00:36","guid":{"rendered":"http:\/\/hotmamahot.nl\/creatief\/?page_id=29"},"modified":"2025-04-17T17:27:59","modified_gmt":"2025-04-17T17:27:59","slug":"artistic-crepe","status":"publish","type":"page","link":"https:\/\/hotmamahot.nl\/creatief\/artistic-crepe\/","title":{"rendered":"artistic cr\u00eape"},"content":{"rendered":"\t\t<div data-elementor-type=\"wp-page\" data-elementor-id=\"29\" class=\"elementor elementor-29\">\n\t\t\t\t\t\t<section class=\"elementor-section elementor-top-section elementor-element elementor-element-4db53ffe light-section inherit-header-color elementor-default-width content-max-width elementor-section-height-default elementor-section-height-default\" data-id=\"4db53ffe\" data-element_type=\"section\">\n\t\t\t\t\t\t<div class=\"elementor-container elementor-column-gap-default\">\n\t\t\t\t\t<div class=\"elementor-column elementor-col-100 elementor-top-column elementor-element elementor-element-5bad1a74\" data-id=\"5bad1a74\" data-element_type=\"column\">\n\t\t\t<div class=\"elementor-widget-wrap elementor-element-populated\">\n\t\t\t\t\t\t<div class=\"elementor-element elementor-element-54d038a0 elementor-widget elementor-widget-text-editor\" data-id=\"54d038a0\" data-element_type=\"widget\" data-widget_type=\"text-editor.default\">\n\t\t\t\t<div class=\"elementor-widget-container\">\n\t\t\t\t\t\t\t\t\t<p>De Artistic Cr\u00eapes zijn tekeningen van beslag die voor je neus gemaakt worden. Deze Artistic Cr\u00eapes worden live getekend door Hotmamahot illustratoren.<\/p><p><img fetchpriority=\"high\" decoding=\"async\" class=\"size-full wp-image-99 alignright\" src=\"http:\/\/hotmamahot.nl\/creatief\/wp-content\/uploads\/2016\/03\/artisticcrepe4.jpg\" alt=\"artistic crepe \" width=\"800\" height=\"400\" srcset=\"https:\/\/hotmamahot.nl\/creatief\/wp-content\/uploads\/2016\/03\/artisticcrepe4.jpg 800w, https:\/\/hotmamahot.nl\/creatief\/wp-content\/uploads\/2016\/03\/artisticcrepe4-600x300.jpg 600w, https:\/\/hotmamahot.nl\/creatief\/wp-content\/uploads\/2016\/03\/artisticcrepe4-300x150.jpg 300w, https:\/\/hotmamahot.nl\/creatief\/wp-content\/uploads\/2016\/03\/artisticcrepe4-768x384.jpg 768w\" sizes=\"(max-width: 800px) 100vw, 800px\" \/><\/p><p>Je kunt je eigen pancake-art laten maken door de cr\u00eapekunstenaars en nog belangrijker: je kunt de pannenkoek ook opeten!<\/p><p>Met Artistic Cr\u00eapes verbeelden we de meest mooie en kleurrijke pannenkoeken die je maar kunt bedenken. Waar kun je uit kiezen? uit alles, leeuwen, olifanten, auto&#8217;s, noem het maar op en de cr\u00eapekunstenaars maken het.<\/p><p>Artistic Cr\u00eapes kom je tegen op Theaterfestival Parade en de Rollende Keukens.<br \/>Daarnaast is deze kraam ook te huren voor een- of meerdaagse evenementen.<\/p><p><img decoding=\"async\" class=\"size-full wp-image-96 alignleft\" src=\"http:\/\/hotmamahot.nl\/creatief\/wp-content\/uploads\/2016\/03\/artisticcrepe2.jpg\" alt=\"artistic crepe kraam\" width=\"800\" height=\"586\" srcset=\"https:\/\/hotmamahot.nl\/creatief\/wp-content\/uploads\/2016\/03\/artisticcrepe2.jpg 800w, https:\/\/hotmamahot.nl\/creatief\/wp-content\/uploads\/2016\/03\/artisticcrepe2-600x440.jpg 600w, https:\/\/hotmamahot.nl\/creatief\/wp-content\/uploads\/2016\/03\/artisticcrepe2-300x220.jpg 300w, https:\/\/hotmamahot.nl\/creatief\/wp-content\/uploads\/2016\/03\/artisticcrepe2-768x563.jpg 768w\" sizes=\"(max-width: 800px) 100vw, 800px\" \/><\/p>\t\t\t\t\t\t\t\t<\/div>\n\t\t\t\t<\/div>\n\t\t\t\t\t<\/div>\n\t\t<\/div>\n\t\t\t\t\t<\/div>\n\t\t<\/section>\n\t\t\t\t<section class=\"elementor-section elementor-top-section elementor-element elementor-element-74c21e4 light-section inherit-header-color elementor-default-width content-max-width elementor-section-height-default elementor-section-height-default\" data-id=\"74c21e4\" data-element_type=\"section\">\n\t\t\t\t\t\t<div class=\"elementor-container elementor-column-gap-default\">\n\t\t\t\t\t<div class=\"elementor-column elementor-col-100 elementor-top-column elementor-element elementor-element-65a6eab\" data-id=\"65a6eab\" data-element_type=\"column\">\n\t\t\t<div class=\"elementor-widget-wrap\">\n\t\t\t\t\t\t\t<\/div>\n\t\t<\/div>\n\t\t\t\t\t<\/div>\n\t\t<\/section>\n\t\t\t\t<section class=\"elementor-section elementor-top-section elementor-element elementor-element-c90c448 light-section inherit-header-color elementor-default-width content-max-width elementor-section-height-default elementor-section-height-default\" data-id=\"c90c448\" data-element_type=\"section\">\n\t\t\t\t\t\t<div class=\"elementor-container elementor-column-gap-default\">\n\t\t\t\t\t<div class=\"elementor-column elementor-col-50 elementor-top-column elementor-element elementor-element-c81833c\" data-id=\"c81833c\" data-element_type=\"column\">\n\t\t\t<div class=\"elementor-widget-wrap elementor-element-populated\">\n\t\t\t\t\t\t<div class=\"elementor-element elementor-element-1a4e173 elementor-widget elementor-widget-image\" data-id=\"1a4e173\" data-element_type=\"widget\" data-widget_type=\"image.default\">\n\t\t\t\t<div class=\"elementor-widget-container\">\n\t\t\t\t\t\t\t\t\t\t\t\t\t\t\t<img decoding=\"async\" width=\"768\" height=\"1024\" src=\"https:\/\/hotmamahot.nl\/creatief\/wp-content\/uploads\/2025\/04\/crepe24beeld-768x1024.jpg\" class=\"attachment-large size-large wp-image-3151\" alt=\"\" srcset=\"https:\/\/hotmamahot.nl\/creatief\/wp-content\/uploads\/2025\/04\/crepe24beeld-768x1024.jpg 768w, https:\/\/hotmamahot.nl\/creatief\/wp-content\/uploads\/2025\/04\/crepe24beeld-225x300.jpg 225w, https:\/\/hotmamahot.nl\/creatief\/wp-content\/uploads\/2025\/04\/crepe24beeld-1152x1536.jpg 1152w, https:\/\/hotmamahot.nl\/creatief\/wp-content\/uploads\/2025\/04\/crepe24beeld-1536x2048.jpg 1536w, https:\/\/hotmamahot.nl\/creatief\/wp-content\/uploads\/2025\/04\/crepe24beeld-600x800.jpg 600w, https:\/\/hotmamahot.nl\/creatief\/wp-content\/uploads\/2025\/04\/crepe24beeld-scaled.jpg 1920w\" sizes=\"(max-width: 768px) 100vw, 768px\" \/>\t\t\t\t\t\t\t\t\t\t\t\t\t\t\t<\/div>\n\t\t\t\t<\/div>\n\t\t\t\t\t<\/div>\n\t\t<\/div>\n\t\t\t\t<div class=\"elementor-column elementor-col-50 elementor-top-column elementor-element elementor-element-144885f\" data-id=\"144885f\" data-element_type=\"column\">\n\t\t\t<div class=\"elementor-widget-wrap elementor-element-populated\">\n\t\t\t\t\t\t<div class=\"elementor-element elementor-element-c6012d0 elementor-widget elementor-widget-image\" data-id=\"c6012d0\" data-element_type=\"widget\" data-widget_type=\"image.default\">\n\t\t\t\t<div class=\"elementor-widget-container\">\n\t\t\t\t\t\t\t\t\t\t\t\t\t\t\t<img loading=\"lazy\" decoding=\"async\" width=\"724\" height=\"1024\" src=\"https:\/\/hotmamahot.nl\/creatief\/wp-content\/uploads\/2025\/04\/p7-724x1024.jpg\" class=\"attachment-large size-large wp-image-3156\" alt=\"\" srcset=\"https:\/\/hotmamahot.nl\/creatief\/wp-content\/uploads\/2025\/04\/p7-724x1024.jpg 724w, https:\/\/hotmamahot.nl\/creatief\/wp-content\/uploads\/2025\/04\/p7-212x300.jpg 212w, https:\/\/hotmamahot.nl\/creatief\/wp-content\/uploads\/2025\/04\/p7-768x1086.jpg 768w, https:\/\/hotmamahot.nl\/creatief\/wp-content\/uploads\/2025\/04\/p7-1086x1536.jpg 1086w, https:\/\/hotmamahot.nl\/creatief\/wp-content\/uploads\/2025\/04\/p7-1448x2048.jpg 1448w, https:\/\/hotmamahot.nl\/creatief\/wp-content\/uploads\/2025\/04\/p7-600x849.jpg 600w, https:\/\/hotmamahot.nl\/creatief\/wp-content\/uploads\/2025\/04\/p7-scaled.jpg 1810w\" sizes=\"(max-width: 724px) 100vw, 724px\" \/>\t\t\t\t\t\t\t\t\t\t\t\t\t\t\t<\/div>\n\t\t\t\t<\/div>\n\t\t\t\t\t<\/div>\n\t\t<\/div>\n\t\t\t\t\t<\/div>\n\t\t<\/section>\n\t\t\t\t<\/div>\n\t\t","protected":false},"excerpt":{"rendered":"<p>De Artistic Cr\u00eapes zijn tekeningen van beslag die voor je neus gemaakt worden. Deze Artistic Cr\u00eapes worden live getekend door Hotmamahot illustratoren. Je kunt je eigen pancake-art laten maken door de cr\u00eapekunstenaars en nog belangrijker: je kunt de pannenkoek ook opeten! Met Artistic Cr\u00eapes verbeelden we de meest mooie en kleurrijke pannenkoeken die je maar [&hellip;]<\/p>\n","protected":false},"author":1,"featured_media":64,"parent":0,"menu_order":0,"comment_status":"closed","ping_status":"closed","template":"","meta":{"_themeisle_gutenberg_block_has_review":false,"footnotes":""},"class_list":["post-29","page","type-page","status-publish","has-post-thumbnail","hentry"],"_links":{"self":[{"href":"https:\/\/hotmamahot.nl\/creatief\/wp-json\/wp\/v2\/pages\/29","targetHints":{"allow":["GET"]}}],"collection":[{"href":"https:\/\/hotmamahot.nl\/creatief\/wp-json\/wp\/v2\/pages"}],"about":[{"href":"https:\/\/hotmamahot.nl\/creatief\/wp-json\/wp\/v2\/types\/page"}],"author":[{"embeddable":true,"href":"https:\/\/hotmamahot.nl\/creatief\/wp-json\/wp\/v2\/users\/1"}],"replies":[{"embeddable":true,"href":"https:\/\/hotmamahot.nl\/creatief\/wp-json\/wp\/v2\/comments?post=29"}],"version-history":[{"count":14,"href":"https:\/\/hotmamahot.nl\/creatief\/wp-json\/wp\/v2\/pages\/29\/revisions"}],"predecessor-version":[{"id":3159,"href":"https:\/\/hotmamahot.nl\/creatief\/wp-json\/wp\/v2\/pages\/29\/revisions\/3159"}],"wp:featuredmedia":[{"embeddable":true,"href":"https:\/\/hotmamahot.nl\/creatief\/wp-json\/wp\/v2\/media\/64"}],"wp:attachment":[{"href":"https:\/\/hotmamahot.nl\/creatief\/wp-json\/wp\/v2\/media?parent=29"}],"curies":[{"name":"wp","href":"https:\/\/api.w.org\/{rel}","templated":true}]}}